{"id":259,"date":"2018-11-05T16:09:51","date_gmt":"2018-11-05T16:09:51","guid":{"rendered":"http:\/\/reisebuero-pohl.de\/?page_id=259"},"modified":"2025-03-11T10:57:59","modified_gmt":"2025-03-11T10:57:59","slug":"mesmerize","status":"publish","type":"page","link":"http:\/\/reisebuero-pohl.de\/","title":{"rendered":"Front Page"},"content":{"rendered":"<div  class=\"overlappable-4 content-section content-section-spacing\" id=\"overlappable-4\" style=\"background-color: rgb(255, 255, 255);\" data-label=\"Overlappable\" data-id=\"overlappable-4\" data-overlap=\"true\" data-export-id=\"overlappable-4\" data-category=\"overlappable\"><div  class=\"gridContainer\"> <div  class=\"row spaced-cols text-center\" data-type=\"row\"><div  class=\"col-xs-12 col-sm-4 col-padding\"> <i  class=\"fa icon shadow-large-black aligncenter color1 fa-plane bordered round large\"><\/i> <div  data-type=\"column\" class=\"\"> <h5  class=\"\">FLUGREISEN<\/h5> <p  class=\"\">Ob Nah oder Fern, \u00fcber den Wolken ist die Freiheit grenzenlos.<\/p><\/div> <\/div> <div  class=\"col-xs-12 col-sm-4 col-padding\"> <i  class=\"fa icon shadow-large-black aligncenter color1 fa-ship bordered round large\"><\/i> <div  data-type=\"column\" class=\"\"><h5  class=\"\">KREUZFAHRTEN<\/h5> <p  class=\"\">Wolltest Du nicht immer schon Kapit\u00e4n sein? Bei uns kannst Du es!<\/p><\/div> <\/div> <div  class=\"col-xs-12 col-sm-4 col-padding\"> <i  class=\"fa icon shadow-large-black aligncenter color1 fa-automobile bordered round large\"><\/i> <div  data-type=\"column\" class=\"\"><h5  class=\"\">AUTOREISEN<\/h5> <p  class=\"\">Auch wenn es&nbsp;auf eigene Faust auf die Reise geht, wir sind Dein Ansprechpartner. &nbsp;<\/p><\/div> <\/div><\/div> <\/div><\/div><div  class=\"about-1 content-section\" id=\"about-1\" style=\"background-image: none; background-color: rgb(245, 250, 253);\" data-label=\"About\" data-id=\"about-1\" data-export-id=\"about-1\" data-category=\"about\"><div  class=\"gridContainer\"> <div  class=\"row text-center\"><div  class=\"section-title-col\" data-type=\"column\"> <h5  class=\"\">PERS\u00d6NLICHKEIT<\/h5> <h2  class=\"\">Vertrauen ist das&nbsp;<span  style=\"font-family: Playfair Display,sans-serif; font-style: italic; font-weight: 700;\" href=\"#\">A &amp; O<\/span>&nbsp;der Reiseberatung.<\/h2> <p  class=\"lead\">Wenn&nbsp;Du bei uns anrufst, sprichst Du&nbsp;nicht etwa mit einem anonymen Call Center, sondern mit den Mitarbeitern&nbsp;Deines pers\u00f6nlichen Reiseb\u00fcro Teams. \n<br >Vertrauen, Sicherheit und Sympathie \u2013 und das Wissen, dass man gut aufgehoben und umsorgt ist.<br  class=\"within\">&nbsp;<\/p><img  decoding=\"async\" class=\"custom-image\" src=\"http:\/\/reisebuero-pohl.de\/wp-content\/uploads\/2019\/01\/cropped-christine-roy-343235-unsplash-scaled.jpg\" title=\"cropped-christine-roy-343235-unsplash.jpg\" alt=\"\"><\/div> <\/div> <div  class=\"row\"> <div  class=\"button-holder space-bottom space-bottom-small\" data-type=\"column\"> <\/div> <div  class=\"col-xs bottom-xs flexbox image-group-bottom-3-img space-bottom-xs center-xs\"> <a  data-cp-link=\"1\" href=\"#\" class=\"left-img-anchor\" target=\"_self\" rel=\"noopener\"><img  decoding=\"async\" title=\"cropped-ZighyBayOman.jpg\" class=\"left-img shadow-large-black\" alt=\"\" src=\"\" data-size=\"500x300\"><\/a> <a  data-cp-link=\"1\" href=\"#\" class=\"center-img-anchor\" target=\"_self\" rel=\"noopener\"><img  decoding=\"async\" title=\"cropped-abenteuerurlaub-2.jpg\" class=\"center-img shadow-large-black\" alt=\"\" src=\"\" data-size=\"500x300\"><\/a> <a  data-cp-link=\"1\" href=\"#\" class=\"right-img-anchor\" target=\"_self\" rel=\"noopener\"><img  decoding=\"async\" title=\"cropped-anete-lusina-609856-unsplash1-1.jpg\" class=\"right-img shadow-large-black\" alt=\"\" src=\"\" data-size=\"500x300\"><\/a><\/div> <\/div><\/div> <\/div><div  class=\"testimonials-5 content-section content-section-spacing\" id=\"das-team\" style=\"background-color: rgb(255, 255, 255);\" data-label=\"Das Team\" data-id=\"testimonials-5\" data-export-id=\"testimonials-5\" data-category=\"testimonials\"><div  class=\"gridContainer\"> <div  class=\"row\"><div  class=\"section-title-col\" data-type=\"column\"> <h2  class=\"\">Gesichter<\/h2> <p  class=\"lead\">Damit&nbsp;Du wei\u00dft, mit wem&nbsp;Du es zu tun hast.<\/p><\/div> <\/div> <div  class=\"row spaced-cols content-center-sm center-sm\" data-type=\"row\"> <div  class=\"col-sm-4 col-md-4 \"> <div  class=\"card y-move bordered\" data-type=\"column\"> <i  class=\"fa fa-quote-right icon color1 small quotation-icon\"><\/i> <p  class=\"text-center\">Seit dem Jahr 1995&nbsp;am selben Platz. Wo ist nur die Zeit geblieben?!&nbsp;\n<br >Zum Gl\u00fcck haben wir uns ja \u00fcberhaupt nicht ver\u00e4ndert.&nbsp;\n<br >Ja nee, is klar!<\/p> <img  decoding=\"async\" title=\"cropped-AAA1-1.jpg\" class=\"round icon\" alt=\"\" src=\"http:\/\/reisebuero-pohl.de\/wp-content\/uploads\/2020\/08\/cropped-AAA1-1.jpg\"> <h6  class=\"\">Michael Pohl<\/h6> <p  class=\"small italic\">Inhaber<\/p><\/div> <\/div>  <div  class=\"col-sm-4 col-md-4\"> <div  class=\"card y-move bordered\" data-type=\"column\"> <i  class=\"fa fa-quote-right icon color1 small quotation-icon\"><\/i> <p  class=\"text-center\">Ich geh\u00f6re auch schon seit 2003 zum Inventar.<br >Zu meiner gro\u00dfen Leidenschaft z\u00e4hlt die gesamte \u201eMein Schiff\u201c Flotte, sowie Asien und die USA.<\/p> <img  decoding=\"async\" title=\"cropped-Jochen1.jpg\" class=\"round icon\" alt=\"\" src=\"http:\/\/reisebuero-pohl.de\/wp-content\/uploads\/2021\/08\/cropped-Jochen1.jpg\"> <h6  class=\"\">Joachim Soepboer<\/h6> <p  class=\"small italic\">B\u00fcroleiter<\/p><\/div> <\/div><\/div> <\/div><\/div><div  class=\"features-12-card-bordered content-section content-section-spacing \" id=\"features-3\" style=\"background-image: none; background-color: rgb(245, 250, 253);\" data-label=\"Features\" data-id=\"features-12-card-bordered\" data-export-id=\"features-12-card-bordered\" data-category=\"features\"><div  class=\"gridContainer\"> <div  class=\"row text-center\"><div  class=\"section-title-col\" data-type=\"column\"> <h2  class=\"\">Genug Gr\u00fcnde bei uns zu buchen.<\/h2> <\/div> <\/div> <div  class=\"row spaced-cols\" data-type=\"row\"> <div  class=\"col-sm-6\"> <div  class=\"card row-card bordered y-move\"> <div  class=\"row\"> <div  class=\"col-sm-fit icon-column\"> <i  class=\"fa icon color2 fa-thumbs-up bordered round\"><\/i> <\/div> <div  class=\"col-sm\" data-type=\"column\"> <h5  class=\"color2\">BERATUNG<\/h5> <p  class=\"\">Bei uns kommst Du in den Genuss der individuellen Betreuung eines inhabergef\u00fchrten Reiseb\u00fcros. Der&nbsp;gro\u00dfe Vorteil: Keine Vorgaben&nbsp;bei der Auswahl des Veranstalters.<\/p><\/div> <\/div><\/div> <\/div> <div  class=\"col-sm-6\"> <div  class=\"card row-card bordered y-move\"> <div  class=\"row\"> <div  class=\"col-sm-fit icon-column\"> <i  class=\"fa icon color2 fa-coffee bordered round\"><\/i> <\/div> <div  class=\"col-sm\" data-type=\"column\"> <h5  class=\"color2\">KAFFEE &amp; CO.<\/h5> <p  class=\"\">Dauert es mal etwas l\u00e4nger, kein Problem. Leckerer Kaffee&nbsp;oder Wasser stehen jederzeit zur Verf\u00fcgung. F\u00fcr einen echten Cuba Libre m\u00fcssten wir allerdings kurz nach Havanna.<\/p><\/div> <\/div><\/div> <\/div> <div  class=\"col-sm-6\"> <div  class=\"card row-card bordered y-move\"> <div  class=\"row\"> <div  class=\"col-sm-fit icon-column\"> <i  class=\"fa icon color2 fa-ambulance bordered round\"><\/i> <\/div> <div  class=\"col-sm\" data-type=\"column\"> <h5  class=\"color2\">SERVICE<\/h5> <p  class=\"\">Sollte&nbsp;vor Abreise mal etwas dazwischen kommen, k\u00fcmmern wir uns. Du musst nur die \u00e4rztliche Bescheinigung vorlegen. Den Rest&nbsp;erledigen wir.<\/p><\/div> <\/div><\/div> <\/div> <div  class=\"col-sm-6\"> <div  class=\"card row-card bordered y-move\"> <div  class=\"row\"> <div  class=\"col-sm-fit icon-column\"> <i  class=\"fa icon fa-database round bordered color2\"><\/i> <\/div> <div  class=\"col-sm\" data-type=\"column\"> <h5  class=\"color2\">G\u00dcNSTIG<\/h5><p  class=\"\">Wir versuchen stets&nbsp;Deine pers\u00f6nlichen Vorgaben und W\u00fcnsche zu realisieren. Nicht mehr und nicht weniger.&nbsp;Dein Geldbeutel wird es&nbsp;Dir danken.<\/p> <\/div> <\/div><\/div> <\/div><\/div> <\/div><\/div><div  class=\"about-4 content-section content-section-spacing\" id=\"kontakt\" style=\"background-image: none; background-color: rgb(255, 255, 255);\" data-label=\"Kontakt\" data-id=\"about--1\" data-export-id=\"about-4\" data-category=\"about\"><div  class=\"gridContainer\"> <div  class=\"row middle-sm text-center\"><div  class=\"col-sm-5 space-bottom-xs content-right-sm\" data-type=\"column\"> <h2  class=\"\">Kontakt<\/h2>   <p  class=\"lead\">Sollte einmal die telefonische Erreichbarkeit \u201ehinken\u201c, sitzen wir sicherlich hochmotiviert in einer Beratung. Versuche es doch bitte sp\u00e4ter erneut oder schicke uns einfach eine E-Mail. \n<br >Wir melden uns umgehend.\n<br ><br ><a  href=\"mailto:info@reisebuero-pohl.de\">info@reisebuero-pohl.de<\/a>\n<br >\n<\/p><a  class=\"button blue\" href=\"https:\/\/www.facebook.com\/ReisebueroPohl\" target=\"_blank\" data-cp-link=\"1\" rel=\"noopener\">Facebook<\/a><\/div> <div  class=\"col-sm-7 flexbox center-xs middle-xs image-group-2-img\"> <img  decoding=\"async\" title=\"cropped-map11-2.jpg\" class=\"img-1 shadow-large\" alt=\"\" src=\"http:\/\/reisebuero-pohl.de\/wp-content\/uploads\/2018\/11\/cropped-anete-lusina-609856-unsplash1.jpg\" data-size=\"250x200\"> <img  decoding=\"async\" title=\"cropped-capturing-the-human-heart-528371-unsplash-2.jpg\" class=\"img-2 shadow-large\" alt=\"\" src=\"http:\/\/reisebuero-pohl.de\/wp-content\/uploads\/2018\/11\/cropped-capturing-the-human-heart-528371-unsplash-2.jpg\" data-size=\"220x170\"><\/div> <\/div><\/div> <\/div><div  class=\"content-8 content-section content-section-spacing\" id=\"content-2\" style=\"background-image: none; background-color: rgb(245, 250, 253);\" data-label=\"Content\" data-id=\"content--2\" data-export-id=\"content-8\" data-category=\"content\"><div  class=\"\"> <div  class=\"row middle-sm\"><div  class=\"col-sm-6 space-bottom-xs space-top-xs\" data-type=\"column\"> <\/div> <div  class=\"col-sm-6\" data-type=\"column\"><h2  class=\"\">\u00d6ffnungszeiten<\/h2> <h4  class=\"\">MONTAG \u2013 FREITAG<\/h4> <p  class=\"lead\">09:30Uhr \u2013 12:30Uhr\n<br >14:30Uhr \u2013 18:30Uhr<\/p><h4  class=\"\">SAMSTAG<\/h4><p  class=\"lead\">09:30Uhr \u2013 13:00Uhr<\/p><a  class=\"button blue\" href=\"https:\/\/www.facebook.com\/ReisebueroPohl\" target=\"_self\" data-cp-link=\"1\" rel=\"noopener\">24 Stunden\/Tag auf Facebook<\/a><\/div> <\/div><\/div> <\/div><div  class=\"content-7 content-section content-section-spacing\" id=\"content-3\" style=\"background-color: rgb(255, 255, 255);\" data-label=\"Content\" data-id=\"content--3\" data-export-id=\"content-7\" data-category=\"content\"><div  class=\"gridContainer\"> <div  class=\"row middle-sm\"><div  class=\"col-sm-6 space-bottom-xs content-center-sm\" data-type=\"column\">   <h2  class=\"\">Reiseb\u00fcro Pohl<\/h2><p  class=\"lead\">Bogenstr.1\n<br >46395 Bocholt\n<br >02871-227717<\/p><\/div> <div  class=\"col-sm-6 content-center-sm\" data-type=\"column\"> <a  data-cp-link=\"1\" href=\"#\" class=\"\" target=\"_self\" rel=\"noopener\"><img  decoding=\"async\" class=\"shadow-large\" src=\"http:\/\/reisebuero-pohl.de\/wp-content\/uploads\/2018\/11\/cropped-ishan-seefromthesky-118523-unsplash.jpg\"><\/a><\/div> <\/div><\/div> <\/div><div  class=\"counters-2 content-section content-section-spacing\" id=\"counters-1\" style=\"background-color: rgb(245, 250, 253);\" data-label=\"Counters\" data-id=\"counters--1\" data-export-id=\"counters-2\" data-category=\"counters\"><div  class=\"gridContainer\"> <div  class=\"row text-center\"><div  class=\"section-title-col\" data-type=\"column\"> <h2  class=\"\">Zahlen<\/h2> <\/div> <\/div> <div  class=\"row\" data-type=\"row\"> <div  class=\"col-xs-12 col-sm-4 text-center space-bottom\"> <a  href=\"#\" target=\"_self\" data-cp-link=\"1\" class=\"\" rel=\"noopener\"><i  class=\"fa icon color1 fa-thumbs-up\"><\/i><\/a> <h3  class=\"font-400\" style=\"display: inline-block;\" data-countup=\"true\" data-suffix=\"+\" data-prefix=\"\" data-duration=\"2000\" data-max=\"200\" data-min=\"0\"><\/h3> <h5  class=\"upper color2\">positive&nbsp;bewertungen<\/h5><\/div> <div  class=\"col-xs-12 col-sm-4 text-center space-bottom\"><i  class=\"fa fa-smile-o icon color1\"><\/i> <h3  class=\"font-400\" style=\"display: inline-block;\" data-countup=\"true\" data-suffix=\"+\" data-prefix=\"\" data-duration=\"2000\" data-max=\"15000\" data-min=\"0\"><\/h3> <h5  class=\"upper color2\">gl\u00fcckliche kunden<\/h5><\/div> <div  class=\"col-xs-12 col-sm-4 text-center space-bottom\"><i  class=\"fa icon color1 fa-trophy\"><\/i> <h3  class=\"font-400\" style=\"display: inline-block;\" data-countup=\"true\" data-suffix=\"+\" data-prefix=\"\" data-duration=\"2000\" data-max=\"4\" data-min=\"0\"><\/h3> <h5  class=\"upper color2\">awards<\/h5><\/div> <\/div><\/div> <\/div>","protected":false},"excerpt":{"rendered":"<p>FLUGREISEN Ob Nah oder Fern, \u00fcber den Wolken ist die Freiheit grenzenlos. KREUZFAHRTEN Wolltest Du nicht immer schon Kapit\u00e4n sein? Bei uns kannst Du es! AUTOREISEN Auch wenn es&nbsp;auf eigene Faust auf die Reise geht, wir sind Dein Ansprechpartner. &nbsp; PERS\u00d6NLICHKEIT Vertrauen ist das&nbsp;A &amp; O&nbsp;der Reiseberatung. Wenn&nbsp;Du bei uns anrufst, sprichst Du&nbsp;nicht etwa mit&hellip; <br \/> <a class=\"read-more\" href=\"http:\/\/reisebuero-pohl.de\/\">Weiterlesen<\/a><\/p>\n","protected":false},"author":1,"featured_media":0,"parent":0,"menu_order":0,"comment_status":"closed","ping_status":"closed","template":"page-templates\/homepage.php","meta":{"footnotes":""},"class_list":["post-259","page","type-page","status-publish","hentry"],"_links":{"self":[{"href":"http:\/\/reisebuero-pohl.de\/index.php?rest_route=\/wp\/v2\/pages\/259","targetHints":{"allow":["GET"]}}],"collection":[{"href":"http:\/\/reisebuero-pohl.de\/index.php?rest_route=\/wp\/v2\/pages"}],"about":[{"href":"http:\/\/reisebuero-pohl.de\/index.php?rest_route=\/wp\/v2\/types\/page"}],"author":[{"embeddable":true,"href":"http:\/\/reisebuero-pohl.de\/index.php?rest_route=\/wp\/v2\/users\/1"}],"replies":[{"embeddable":true,"href":"http:\/\/reisebuero-pohl.de\/index.php?rest_route=%2Fwp%2Fv2%2Fcomments&post=259"}],"version-history":[{"count":205,"href":"http:\/\/reisebuero-pohl.de\/index.php?rest_route=\/wp\/v2\/pages\/259\/revisions"}],"predecessor-version":[{"id":1047,"href":"http:\/\/reisebuero-pohl.de\/index.php?rest_route=\/wp\/v2\/pages\/259\/revisions\/1047"}],"wp:attachment":[{"href":"http:\/\/reisebuero-pohl.de\/index.php?rest_route=%2Fwp%2Fv2%2Fmedia&parent=259"}],"curies":[{"name":"wp","href":"https:\/\/api.w.org\/{rel}","templated":true}]}}