{"id":708,"date":"2018-11-14T11:32:23","date_gmt":"2018-11-14T11:32:23","guid":{"rendered":"http:\/\/reisebuero-pohl.de\/?page_id=708"},"modified":"2021-12-20T09:27:17","modified_gmt":"2021-12-20T09:27:17","slug":"impressum","status":"publish","type":"page","link":"http:\/\/reisebuero-pohl.de\/?page_id=708","title":{"rendered":"Impressum"},"content":{"rendered":"<h1 class=\"page__headline\">Impressum<\/h1>\n<p>Reiseb\u00fcro POHL<br \/>\nBogenstr.1<br \/>\n46395\u00a0 Bocholt<br \/>\nTelefon: 02871-227717<br \/>\nTelefax:\u00a002871-180801<br \/>\nE-Mail: info@reisebuero-pohl.de<\/p>\n<p>Inhaber:\u00a0Michael Pohl<\/p>\n<p>USt-IdNr.: DE176218618<\/p>\n<p><b>Unsere \u00d6ffnungszeiten:<\/b><\/p>\n<table>\n<tbody>\n<tr>\n<td>Montag &#8211; Freitag:<\/td>\n<td>\u00a009:30 &#8211; 12:30 und 14:30 &#8211; 18:30 Uhr<\/td>\n<\/tr>\n<tr>\n<td>Samstags:<\/td>\n<td>\u00a009:30 &#8211; 13:00 Uhr<\/td>\n<\/tr>\n<\/tbody>\n<\/table>\n<h4 class=\"page__subheadline\">Fremde Inhalte, Disclaimer<\/h4>\n<p>Bei der Umsetzung dieser Website verl\u00e4sst sich das Reiseb\u00fcro POHL, die von Dritten, insbesondere von Leistungstr\u00e4gern und Reiseveranstaltern zur Verf\u00fcgung gestellt werden (&#8222;fremde Inhalte&#8220;). Da es dem Reiseb\u00fcro POHL nicht m\u00f6glich ist, diese fremden Inhalte zu verifizieren, wird keinerlei Garantie f\u00fcr deren Richtigkeit \u00fcbernommen. Dieser Ausschluss gilt insbesondere f\u00fcr Produktbeschreibungen und Datenbankeintr\u00e4ge.<\/p>\n<h4 class=\"page__subheadline\">Informationen zur Online-Streitbeilegung<\/h4>\n<p>Die EU-Kommission hat eine Internetplattform zur Online-Beilegung von Streitigkeiten (sog. \u201eOS-Plattform\u201c) geschaffen. Die OS-Plattform dient als Anlaufstelle zur au\u00dfergerichtlichen Beilegung von Streitigkeiten betreffend vertragliche Verpflichtungen, die aus Online-Kaufvertr\u00e4gen erwachsen. Der Kunde kann die OS-Plattform unter dem folgenden Link erreichen: <a href=\"http:\/\/ec.europa.eu\/consumers\/odr\" target=\"_blank\" rel=\"nofollow noopener\">http:\/\/ec.europa.eu\/consumers\/odr<\/a><\/p>\n<p>Das Reiseb\u00fcro POHL ist nicht bereit und verpflichtet, an Streitbeilegungsverfahren vor einer Verbraucherschlichtungsstelle teilzunehmen.<\/p>\n<p>Haftungshinweis: Trotz sorgf\u00e4ltiger inhaltlicher Kontrolle \u00fcbernehmen wir keine Haftung f\u00fcr die Inhalte externer Links. F\u00fcr den Inhalt der verlinkten Seiten sind ausschlie\u00dflich deren Betreiber verantwortlich.<\/p>\n<h4 class=\"page__subheadline\"><span style=\"color: 000000;\">Fotonachweis<\/span><\/h4>\n<h4 class=\"page__subheadline\"><span style=\"color: 000000;\"><strong>Mit freundlicher Genehmigung von \u00a9unsplash.com und \u00a9alamy.com<\/strong><\/span><\/h4>\n","protected":false},"excerpt":{"rendered":"<p>Impressum Reiseb\u00fcro POHL Bogenstr.1 46395\u00a0 Bocholt Telefon: 02871-227717 Telefax:\u00a002871-180801 E-Mail: info@reisebuero-pohl.de Inhaber:\u00a0Michael Pohl USt-IdNr.: DE176218618 Unsere \u00d6ffnungszeiten: Montag &#8211; Freitag: \u00a009:30 &#8211; 12:30 und 14:30 &#8211; 18:30 Uhr Samstags: \u00a009:30 &#8211; 13:00 Uhr Fremde Inhalte, Disclaimer Bei der Umsetzung dieser Website verl\u00e4sst sich das Reiseb\u00fcro POHL, die von Dritten, insbesondere von Leistungstr\u00e4gern und Reiseveranstaltern zur&hellip; <br \/> <a class=\"read-more\" href=\"http:\/\/reisebuero-pohl.de\/?page_id=708\">Weiterlesen<\/a><\/p>\n","protected":false},"author":1,"featured_media":0,"parent":0,"menu_order":0,"comment_status":"closed","ping_status":"closed","template":"","meta":{"footnotes":""},"class_list":["post-708","page","type-page","status-publish","hentry"],"_links":{"self":[{"href":"http:\/\/reisebuero-pohl.de\/index.php?rest_route=\/wp\/v2\/pages\/708","targetHints":{"allow":["GET"]}}],"collection":[{"href":"http:\/\/reisebuero-pohl.de\/index.php?rest_route=\/wp\/v2\/pages"}],"about":[{"href":"http:\/\/reisebuero-pohl.de\/index.php?rest_route=\/wp\/v2\/types\/page"}],"author":[{"embeddable":true,"href":"http:\/\/reisebuero-pohl.de\/index.php?rest_route=\/wp\/v2\/users\/1"}],"replies":[{"embeddable":true,"href":"http:\/\/reisebuero-pohl.de\/index.php?rest_route=%2Fwp%2Fv2%2Fcomments&post=708"}],"version-history":[{"count":13,"href":"http:\/\/reisebuero-pohl.de\/index.php?rest_route=\/wp\/v2\/pages\/708\/revisions"}],"predecessor-version":[{"id":1045,"href":"http:\/\/reisebuero-pohl.de\/index.php?rest_route=\/wp\/v2\/pages\/708\/revisions\/1045"}],"wp:attachment":[{"href":"http:\/\/reisebuero-pohl.de\/index.php?rest_route=%2Fwp%2Fv2%2Fmedia&parent=708"}],"curies":[{"name":"wp","href":"https:\/\/api.w.org\/{rel}","templated":true}]}}